{"id":363,"date":"2018-02-07T10:00:34","date_gmt":"2018-02-07T03:00:34","guid":{"rendered":"http:\/\/khomaudepraothue.com\/vswin\/?post_type=product&#038;p=363"},"modified":"2018-02-07T10:01:20","modified_gmt":"2018-02-07T03:01:20","slug":"may-bom-nhua-emaux-11","status":"publish","type":"product","link":"https:\/\/c478-vswin.com-vn.net\/?product=may-bom-nhua-emaux-11","title":{"rendered":"M\u00c1Y B\u01a0M NH\u1ef0A EMAUX"},"content":{"rendered":"","protected":false},"excerpt":{"rendered":"<p>H\u00e3ng s\u1ea3n xu\u1ea5t: Emaux<\/p>\n<p>Xu\u1ea5t s\u1ee9: Hongkong<\/p>\n<p><strong><span style=\"color: #0000ff;\">CAM K\u1ebeT S\u1ea2N PH\u1ea8M<\/span><\/strong><\/p>\n<p>Mi\u1ec5n ph\u00ed v\u1eadn chuy\u1ec3n cho \u0111\u01a1n h\u00e0ng tr\u00ean 200k thanh to\u00e1n tr\u01b0\u1edbc<\/p>\n<p>Mi\u1ec5n ph\u00ed v\u1eadn chuy\u1ec3n cho \u0111\u01a1n h\u00e0ng mua 2 s\u1ea3n ph\u1ea9m nh\u1ecf h\u01a1n 20g<\/p>\n<p>Mi\u1ec5n ph\u00ed v\u1eadn chuy\u1ec3n cho \u0111\u01a1n h\u00e0ng tr\u00ean 500k<\/p>\n<ul style=\"list-style-type: square;\">\n<li>Ch\u00ednh s\u00e1ch B\u00e1n Bu\u00f4n<\/li>\n<\/ul>\n","protected":false},"featured_media":366,"comment_status":"open","ping_status":"closed","template":"","meta":[],"_links":{"self":[{"href":"https:\/\/c478-vswin.com-vn.net\/index.php?rest_route=\/wp\/v2\/product\/363"}],"collection":[{"href":"https:\/\/c478-vswin.com-vn.net\/index.php?rest_route=\/wp\/v2\/product"}],"about":[{"href":"https:\/\/c478-vswin.com-vn.net\/index.php?rest_route=\/wp\/v2\/types\/product"}],"replies":[{"embeddable":true,"href":"https:\/\/c478-vswin.com-vn.net\/index.php?rest_route=%2Fwp%2Fv2%2Fcomments&post=363"}],"wp:featuredmedia":[{"embeddable":true,"href":"https:\/\/c478-vswin.com-vn.net\/index.php?rest_route=\/wp\/v2\/media\/366"}],"wp:attachment":[{"href":"https:\/\/c478-vswin.com-vn.net\/index.php?rest_route=%2Fwp%2Fv2%2Fmedia&parent=363"}],"curies":[{"name":"wp","href":"https:\/\/api.w.org\/{rel}","templated":true}]}}